{"id":1009,"date":"2023-02-24T02:43:50","date_gmt":"2023-02-24T02:43:50","guid":{"rendered":"https:\/\/peterabdalla.com\/multi-residentiel\/active-listings\/"},"modified":"2024-10-22T16:51:07","modified_gmt":"2024-10-22T16:51:07","slug":"inscriptions-actives","status":"publish","type":"page","link":"https:\/\/peterabdalla.com\/fr\/multi-residentiel\/inscriptions-actives\/","title":{"rendered":"Inscriptions actives"},"content":{"rendered":"<!-- Starting MW Properties \/ Shortcode ID: 3d7208d6c959 --><div id=\"mix-container-3d7208d6c959\" class=\"mix-container row\"><div class=\"col-lg-6 col-md-6 col-12 mb-5 mix M all  single-grid\">\r\n\t<div class=\"overlay-figure\">\r\n\t\t<a href=\"https:\/\/peterabdalla.com\/fr\/properties\/7+Rue+Forget\/12450608\">\r\n\t\t\t<img decoding=\"async\" src=\"https:\/\/realestate.marketingwebsites.ca\/property-images\/12450608\/12450608-01.jpg\" alt=\"7 - 9 Rue Forget\">\r\n\t\t<\/a>\r\n\t\t\t\t\t<div class=\"overlay-text\">\r\n\t\t\t\t<p>Wow, \u00e0 quelques pas de tout, voici LE duplex qu'il vous faut. Pour une double occupation (sera vide pour l'acheteur \u00e0 partir de juin 2026), pour un propri\u00e9taire occupant ou pour un investissement, toutes les possibilit\u00e9s y sont pour optimiser votre rendement. A distance de marche du REM, des restaurants, salles de spectacle, mais dans une rue paisible, c'est le parfait environnement pour habiter. Propri\u00e9t\u00e9 super bien entretenue avec les ann\u00e9es, elle a gard\u00e9 son cachet tout en ayant une cure de rajeunissement. Plusieurs r\u00e9novations ont \u00e9t\u00e9 faites au fil des ans. A voir absolument! <\/p>\r\n\t\t\t\t<a href=\"https:\/\/peterabdalla.com\/fr\/properties\/7+Rue+Forget\/12450608\" class=\"btn-default btn-white\"> Voir les d\u00e9tails<\/a>\r\n\t\t\t<\/div>\r\n\t\t\t\t<div class=\"prop-details mr-right\">\r\n\t\t\t<div class=\"row align-items-center\">\r\n\t\t\t\t<div class=\"col-12 mb-3\">\r\n\t\t\t\t\t<h3 class=\"mb-0\">7 - 9 Rue Forget<\/h3>\r\n\t\t\t\t\t<p>Sainte-Th\u00e9r\u00e8se<\/p>\r\n\t\t\t\t<\/div>\r\n\t\t\t\t\t\t\t\t\t<div class=\"col-12\">\r\n\t\t\t\t\t\t<h4>$874,900<\/h4>\r\n\t\t\t\t\t<\/div>\r\n\t\t\t\t\t\t\t<\/div>\r\n\t\t\t<div class=\"row mt-3\">\r\n\t\t\t\t<div class=\"col-12\">\r\n\t\t\t\t\t<div class=\"prop-feat text-uppercase\">\r\n\t\t\t\t\t\t\t\t\t\t\t\t\t<div class=\"bed\">\r\n\t\t\t\t\t\t\t\t<b>3<\/b><br \/><small class=\"my-0 py-0\">Chambre(s)<\/small>\r\n\t\t\t\t\t\t\t<\/div>\r\n\t\t\t\t\t\t\t\t\t\t\t\t\t\t\t\t\t\t\t<div class=\"bath\">\r\n\t\t\t\t\t\t\t\t<b>1<\/b><br \/><small class=\"my-0 py-0\">Bain(s)<\/small>\r\n\t\t\t\t\t\t\t<\/div>\r\n\t\t\t\t\t\t\t\t\t\t\t\t\t\t\t\t\t<\/div>\r\n\t\t\t\t<\/div>\r\n\t\t\t<\/div>\r\n\t\t<\/div>\r\n\t<\/div>\r\n<property-meta type='mls' style='display: none;'>12450608<\/property-meta><\/div><div class=\"col-lg-6 col-md-6 col-12 mb-5 mix M all  single-grid\">\r\n\t<div class=\"overlay-figure\">\r\n\t\t<a href=\"https:\/\/peterabdalla.com\/fr\/properties\/10220+Rue+du+Beaujolais\/10672216\">\r\n\t\t\t<img decoding=\"async\" src=\"https:\/\/realestate.marketingwebsites.ca\/property-images\/10672216\/10672216-01.jpg\" alt=\"10220 - 10224 Rue du Beaujolais\">\r\n\t\t<\/a>\r\n\t\t\t\t\t<div class=\"overlay-text\">\r\n\t\t\t\t<p>Triplex g\u00e9n\u00e9rant un revenu annuel de 61 680 $, situ\u00e9 dans le quartier tr\u00e8s pris\u00e9 de St-Canut (Mirabel), une r\u00e9gion en pleine croissance et o\u00f9 la demande locative est forte. Bien entretenu et avec des locataires stables, cet immeuble offre un flux de tr\u00e9sorerie fiable et un potentiel de plus-value \u00e0 long terme. Proche des services locaux, des \u00e9coles et des routes principales, c'est une excellente opportunit\u00e9 pour les investisseurs \u00e0 la recherche de performance et de stabilit\u00e9. Immeuble attrayant avec un bon profil de locataires et un taux d'occupation constant. Un ajout judicieux \u00e0 tout portefeuille immobilier.<\/p>\r\n\t\t\t\t<a href=\"https:\/\/peterabdalla.com\/fr\/properties\/10220+Rue+du+Beaujolais\/10672216\" class=\"btn-default btn-white\"> Voir les d\u00e9tails<\/a>\r\n\t\t\t<\/div>\r\n\t\t\t\t<div class=\"prop-details mr-right\">\r\n\t\t\t<div class=\"row align-items-center\">\r\n\t\t\t\t<div class=\"col-12 mb-3\">\r\n\t\t\t\t\t<h3 class=\"mb-0\">10220 - 10224 Rue du Beaujolais<\/h3>\r\n\t\t\t\t\t<p>Mirabel<\/p>\r\n\t\t\t\t<\/div>\r\n\t\t\t\t\t\t\t\t\t<div class=\"col-12\">\r\n\t\t\t\t\t\t<h4>$1,200,000<\/h4>\r\n\t\t\t\t\t<\/div>\r\n\t\t\t\t\t\t\t<\/div>\r\n\t\t\t<div class=\"row mt-3\">\r\n\t\t\t\t<div class=\"col-12\">\r\n\t\t\t\t\t<div class=\"prop-feat text-uppercase\">\r\n\t\t\t\t\t\t\t\t\t\t\t\t\t<div class=\"bed\">\r\n\t\t\t\t\t\t\t\t<b>3<\/b><br \/><small class=\"my-0 py-0\">Chambre(s)<\/small>\r\n\t\t\t\t\t\t\t<\/div>\r\n\t\t\t\t\t\t\t\t\t\t\t\t\t\t\t\t\t\t\t<div class=\"bath\">\r\n\t\t\t\t\t\t\t\t<b>1<\/b><br \/><small class=\"my-0 py-0\">Bain(s)<\/small>\r\n\t\t\t\t\t\t\t<\/div>\r\n\t\t\t\t\t\t\t\t\t\t\t\t\t\t\t\t\t<\/div>\r\n\t\t\t\t<\/div>\r\n\t\t\t<\/div>\r\n\t\t<\/div>\r\n\t<\/div>\r\n<property-meta type='mls' style='display: none;'>10672216<\/property-meta><\/div><div class=\"col-lg-6 col-md-6 col-12 mb-5 mix M all new single-grid\">\r\n\t<div class=\"overlay-figure\">\r\n\t\t<a href=\"https:\/\/peterabdalla.com\/fr\/properties\/8270+Av.+Nicolas-Leblanc\/16703968\">\r\n\t\t\t<img decoding=\"async\" src=\"https:\/\/realestate.marketingwebsites.ca\/property-images\/16703968\/16703968-01.jpg\" alt=\"8270 - 8274 Av. Nicolas-Leblanc\">\r\n\t\t<\/a>\r\n\t\t\t\t\t<div class=\"overlay-text\">\r\n\t\t\t\t<p>Ce triplex appartenant \u00e0 la m\u00eame famille depuis sa construction en 1981, situ\u00e9 sur un terrain de 153 pi. de profondeur. Le rdc spacieux offre trois chambres \u00e0 coucher, une salle de bain compl\u00e8te et deux salles d'eau, ainsi que deux cuisines avec armoires en ch\u00eane offrant beaucoup de rangement. La propri\u00e9t\u00e9 comprend \u00e9galement une salle de jeux au sous-sol avec planchers chauffants, id\u00e9ale comme salle familiale ou espace de vie suppl\u00e9mentaire. Le rez-de-chauss\u00e9e et la salle de jeux du sous-sol seront disponibles \u00e0 l'acheteur lors de l'acte de vente. Le 5 1\/2 \u00e0 l'\u00e9tage est lou\u00e9 1 200 $\/mois et le bachelor 590 $\/mois \u00e0 compter du 1er juillet.<\/p>\r\n\t\t\t\t<a href=\"https:\/\/peterabdalla.com\/fr\/properties\/8270+Av.+Nicolas-Leblanc\/16703968\" class=\"btn-default btn-white\"> Voir les d\u00e9tails<\/a>\r\n\t\t\t<\/div>\r\n\t\t\t\t<div class=\"prop-details mr-right\">\r\n\t\t\t<div class=\"row align-items-center\">\r\n\t\t\t\t<div class=\"col-12 mb-3\">\r\n\t\t\t\t\t<h3 class=\"mb-0\">8270 - 8274 Av. Nicolas-Leblanc<\/h3>\r\n\t\t\t\t\t<p>Montr\u00e9al (Rivi\u00e8re-des-Prairies\/Pointe-aux-Trembles)<\/p>\r\n\t\t\t\t<\/div>\r\n\t\t\t\t\t\t\t\t\t<div class=\"col-12\">\r\n\t\t\t\t\t\t<h4>$1,149,988<\/h4>\r\n\t\t\t\t\t<\/div>\r\n\t\t\t\t\t\t\t<\/div>\r\n\t\t\t<div class=\"row mt-3\">\r\n\t\t\t\t<div class=\"col-12\">\r\n\t\t\t\t\t<div class=\"prop-feat text-uppercase\">\r\n\t\t\t\t\t\t\t\t\t\t\t\t\t<div class=\"bed\">\r\n\t\t\t\t\t\t\t\t<b>3<\/b><br \/><small class=\"my-0 py-0\">Chambre(s)<\/small>\r\n\t\t\t\t\t\t\t<\/div>\r\n\t\t\t\t\t\t\t\t\t\t\t\t\t\t\t\t\t\t\t<div class=\"bath\">\r\n\t\t\t\t\t\t\t\t<b>1<\/b><br \/><small class=\"my-0 py-0\">Bain(s)<\/small>\r\n\t\t\t\t\t\t\t<\/div>\r\n\t\t\t\t\t\t\t\t\t\t\t\t\t\t\t\t\t<\/div>\r\n\t\t\t\t<\/div>\r\n\t\t\t<\/div>\r\n\t\t<\/div>\r\n\t<\/div>\r\n<property-meta type='mls' style='display: none;'>16703968<\/property-meta><\/div><div class=\"col-lg-6 col-md-6 col-12 mb-5 mix M all  single-grid\">\r\n\t<div class=\"overlay-figure\">\r\n\t\t<a href=\"https:\/\/peterabdalla.com\/fr\/properties\/473+Rue+Lahaie\/28813948\">\r\n\t\t\t<img decoding=\"async\" src=\"https:\/\/realestate.marketingwebsites.ca\/property-images\/28813948\/28813948-01.jpg\" alt=\"473 Rue Lahaie\">\r\n\t\t<\/a>\r\n\t\t\t\t\t<div class=\"overlay-text\">\r\n\t\t\t\t<p>Superbe quadruplex situ\u00e9 au 473 rue Lahaie \u00e0 Laval. Immeuble offrant quatre logements actuellement lou\u00e9s, assurant des revenus stables avec des revenus bruts potentiels de 57780 $ par ann\u00e9e. Propri\u00e9t\u00e9 tr\u00e8s bien entretenue au fil des ans, id\u00e9ale pour investisseur recherchant un actif cl\u00e9 en main dans un secteur recherch\u00e9. Excellente opportunit\u00e9 d'acqu\u00e9rir un immeuble \u00e0 revenus avec potentiel d'optimisation et appr\u00e9ciation \u00e0 long terme.<\/p>\r\n\t\t\t\t<a href=\"https:\/\/peterabdalla.com\/fr\/properties\/473+Rue+Lahaie\/28813948\" class=\"btn-default btn-white\"> Voir les d\u00e9tails<\/a>\r\n\t\t\t<\/div>\r\n\t\t\t\t<div class=\"prop-details mr-right\">\r\n\t\t\t<div class=\"row align-items-center\">\r\n\t\t\t\t<div class=\"col-12 mb-3\">\r\n\t\t\t\t\t<h3 class=\"mb-0\">473 Rue Lahaie<\/h3>\r\n\t\t\t\t\t<p>Laval (Pont-Viau)<\/p>\r\n\t\t\t\t<\/div>\r\n\t\t\t\t\t\t\t\t\t<div class=\"col-12\">\r\n\t\t\t\t\t\t<h4>$1,095,000<\/h4>\r\n\t\t\t\t\t<\/div>\r\n\t\t\t\t\t\t\t<\/div>\r\n\t\t\t<div class=\"row mt-3\">\r\n\t\t\t\t<div class=\"col-12\">\r\n\t\t\t\t\t<div class=\"prop-feat text-uppercase\">\r\n\t\t\t\t\t\t\t\t\t\t\t\t\t<div class=\"bed\">\r\n\t\t\t\t\t\t\t\t<b>3<\/b><br \/><small class=\"my-0 py-0\">Chambre(s)<\/small>\r\n\t\t\t\t\t\t\t<\/div>\r\n\t\t\t\t\t\t\t\t\t\t\t\t\t\t\t\t\t\t\t<div class=\"bath\">\r\n\t\t\t\t\t\t\t\t<b>1<\/b><br \/><small class=\"my-0 py-0\">Bain(s)<\/small>\r\n\t\t\t\t\t\t\t<\/div>\r\n\t\t\t\t\t\t\t\t\t\t\t\t\t\t\t\t\t\t\t<div class=\"bed\">\r\n\t\t\t\t\t\t\t\t<b>2482 PC<\/b><br \/><small class=\"my-0 py-0\">Habitable<\/small>\r\n\t\t\t\t\t\t\t<\/div>\r\n\t\t\t\t\t\t\t\t\t\t\t<\/div>\r\n\t\t\t\t<\/div>\r\n\t\t\t<\/div>\r\n\t\t<\/div>\r\n\t<\/div>\r\n<property-meta type='mls' style='display: none;'>28813948<\/property-meta><\/div><div class=\"col-lg-6 col-md-6 col-12 mb-5 mix M all  single-grid\">\r\n\t<div class=\"overlay-figure\">\r\n\t\t<a href=\"https:\/\/peterabdalla.com\/fr\/properties\/8136+Rue+du+Petit-St-Charles\/19343918\">\r\n\t\t\t<img decoding=\"async\" src=\"https:\/\/realestate.marketingwebsites.ca\/property-images\/19343918\/19343918-01.jpg\" alt=\"8136 - 8138 Rue du Petit-St-Charles\">\r\n\t\t<\/a>\r\n\t\t\t\t\t<div class=\"overlay-text\">\r\n\t\t\t\t<p>Une raret\u00e9 \u00e0 Mirabel : \u00c9l\u00e9gance, revenus et vue panoramique. D\u00e9couvrez ce prestigieux duplex (ou interg\u00e9n\u00e9rationnel) nich\u00e9 sur un terrain priv\u00e9 de plus de 17 500 pc. Plus qu'une simple propri\u00e9t\u00e9, c'est un havre de paix con\u00e7u pour ceux qui aiment recevoir et profiter de la vie. <\/p>\r\n\t\t\t\t<a href=\"https:\/\/peterabdalla.com\/fr\/properties\/8136+Rue+du+Petit-St-Charles\/19343918\" class=\"btn-default btn-white\"> Voir les d\u00e9tails<\/a>\r\n\t\t\t<\/div>\r\n\t\t\t\t<div class=\"prop-details mr-right\">\r\n\t\t\t<div class=\"row align-items-center\">\r\n\t\t\t\t<div class=\"col-12 mb-3\">\r\n\t\t\t\t\t<h3 class=\"mb-0\">8136 - 8138 Rue du Petit-St-Charles<\/h3>\r\n\t\t\t\t\t<p>Mirabel<\/p>\r\n\t\t\t\t<\/div>\r\n\t\t\t\t\t\t\t\t\t<div class=\"col-12\">\r\n\t\t\t\t\t\t<h4>$1,000,000<\/h4>\r\n\t\t\t\t\t<\/div>\r\n\t\t\t\t\t\t\t<\/div>\r\n\t\t\t<div class=\"row mt-3\">\r\n\t\t\t\t<div class=\"col-12\">\r\n\t\t\t\t\t<div class=\"prop-feat text-uppercase\">\r\n\t\t\t\t\t\t\t\t\t\t\t\t\t<div class=\"bed\">\r\n\t\t\t\t\t\t\t\t<b>2<\/b><br \/><small class=\"my-0 py-0\">Chambre(s)<\/small>\r\n\t\t\t\t\t\t\t<\/div>\r\n\t\t\t\t\t\t\t\t\t\t\t\t\t\t\t\t\t\t\t<div class=\"bath\">\r\n\t\t\t\t\t\t\t\t<b>1<\/b><br \/><small class=\"my-0 py-0\">Bain(s)<\/small>\r\n\t\t\t\t\t\t\t<\/div>\r\n\t\t\t\t\t\t\t\t\t\t\t\t\t\t\t\t\t<\/div>\r\n\t\t\t\t<\/div>\r\n\t\t\t<\/div>\r\n\t\t<\/div>\r\n\t<\/div>\r\n<property-meta type='mls' style='display: none;'>19343918<\/property-meta><\/div><div class=\"col-lg-6 col-md-6 col-12 mb-5 mix M all new single-grid\">\r\n\t<div class=\"overlay-figure\">\r\n\t\t<a href=\"https:\/\/peterabdalla.com\/fr\/properties\/1140+Rue+Marlatt\/16616031\">\r\n\t\t\t<img decoding=\"async\" src=\"https:\/\/realestate.marketingwebsites.ca\/property-images\/16616031\/16616031-01.jpg\" alt=\"1140 - 1142 Rue Marlatt\">\r\n\t\t<\/a>\r\n\t\t\t\t\t<div class=\"overlay-text\">\r\n\t\t\t\t<p>Duplex enti\u00e8rement r\u00e9nov\u00e9 avec bachelor dans le quartier tr\u00e8s pris\u00e9 de Ville-Saint-Laurent, offrant une double occupation pour l'unit\u00e9 principale et le bachelor. L'unit\u00e9 principale comprend 3 CAC, 1 SDB plus une salle d'eau attenante et \u00e0 \u00e9t\u00e9 enti\u00e8rement r\u00e9nov\u00e9. Les principales am\u00e9liorations comprennent la reconstruction du mur de briques nord, la modernisation de la plomberie dans tout le b\u00e2timent et de nombreuses r\u00e9novations int\u00e9rieures. Bachelor r\u00e9nov\u00e9 avec un am\u00e9nagement \u00e0 aire ouverte. Garage double et place de stationnement dans l'all\u00e9e pour 2 voitures. Excellente opportunit\u00e9 pour les propri\u00e9taires occupants ou les investisseurs.<\/p>\r\n\t\t\t\t<a href=\"https:\/\/peterabdalla.com\/fr\/properties\/1140+Rue+Marlatt\/16616031\" class=\"btn-default btn-white\"> Voir les d\u00e9tails<\/a>\r\n\t\t\t<\/div>\r\n\t\t\t\t<div class=\"prop-details mr-right\">\r\n\t\t\t<div class=\"row align-items-center\">\r\n\t\t\t\t<div class=\"col-12 mb-3\">\r\n\t\t\t\t\t<h3 class=\"mb-0\">1140 - 1142 Rue Marlatt<\/h3>\r\n\t\t\t\t\t<p>Montr\u00e9al (Saint-Laurent)<\/p>\r\n\t\t\t\t<\/div>\r\n\t\t\t\t\t\t\t\t\t<div class=\"col-12\">\r\n\t\t\t\t\t\t<h4>$1,300,000<\/h4>\r\n\t\t\t\t\t<\/div>\r\n\t\t\t\t\t\t\t<\/div>\r\n\t\t\t<div class=\"row mt-3\">\r\n\t\t\t\t<div class=\"col-12\">\r\n\t\t\t\t\t<div class=\"prop-feat text-uppercase\">\r\n\t\t\t\t\t\t\t\t\t\t\t\t\t<div class=\"bed\">\r\n\t\t\t\t\t\t\t\t<b>3<\/b><br \/><small class=\"my-0 py-0\">Chambre(s)<\/small>\r\n\t\t\t\t\t\t\t<\/div>\r\n\t\t\t\t\t\t\t\t\t\t\t\t\t\t\t\t\t\t\t<div class=\"bath\">\r\n\t\t\t\t\t\t\t\t<b>1<\/b><br \/><small class=\"my-0 py-0\">Bain(s)<\/small>\r\n\t\t\t\t\t\t\t<\/div>\r\n\t\t\t\t\t\t\t\t\t\t\t\t\t\t\t\t\t<\/div>\r\n\t\t\t\t<\/div>\r\n\t\t\t<\/div>\r\n\t\t<\/div>\r\n\t<\/div>\r\n<property-meta type='mls' style='display: none;'>16616031<\/property-meta><\/div><div class=\"mix api-msg sold\"><h2 class=\"text-center text-uppercase\">Pas de propri\u00e9t\u00e9s vendues<\/h2><\/div><\/div><div class=\"col-sm-12\"><div id=\"pagination-wrapper\" class=\"mixitup-page-list text-center\"><\/div><\/div><!-- Ending MW Properties \/ Shortcode ID: 3d7208d6c959 -->\n","protected":false},"excerpt":{"rendered":"","protected":false},"author":4,"featured_media":695,"parent":1006,"menu_order":0,"comment_status":"closed","ping_status":"closed","template":"template-multiresidential.php","meta":{"_acf_changed":false,"footnotes":""},"class_list":["post-1009","page","type-page","status-publish","has-post-thumbnail","hentry"],"acf":[],"yoast_head":"<!-- This site is optimized with the Yoast SEO plugin v27.3 - https:\/\/yoast.com\/product\/yoast-seo-wordpress\/ -->\n<title>Inscriptions actives - S &amp; P Real Estate - Commercial, Multi Residence &amp; Residential<\/title>\n<meta name=\"robots\" content=\"index, follow, max-snippet:-1, max-image-preview:large, max-video-preview:-1\" \/>\n<link rel=\"canonical\" href=\"https:\/\/peterabdalla.com\/fr\/multi-residentiel\/inscriptions-actives\/\" \/>\n<meta property=\"og:locale\" content=\"fr_FR\" \/>\n<meta property=\"og:type\" content=\"article\" \/>\n<meta property=\"og:title\" content=\"Inscriptions actives - S &amp; P Real Estate - Commercial, Multi Residence &amp; Residential\" \/>\n<meta property=\"og:url\" content=\"https:\/\/peterabdalla.com\/fr\/multi-residentiel\/inscriptions-actives\/\" \/>\n<meta property=\"og:site_name\" content=\"S &amp; P Real Estate\" \/>\n<meta property=\"article:modified_time\" content=\"2024-10-22T16:51:07+00:00\" \/>\n<meta property=\"og:image\" content=\"https:\/\/peterabdalla.com\/wp-content\/uploads\/2022\/12\/bg-prop-worth.jpg\" \/>\n\t<meta property=\"og:image:width\" content=\"1920\" \/>\n\t<meta property=\"og:image:height\" content=\"726\" \/>\n\t<meta property=\"og:image:type\" content=\"image\/jpeg\" \/>\n<meta name=\"twitter:card\" content=\"summary_large_image\" \/>\n<meta name=\"twitter:label1\" content=\"Dur\u00e9e de lecture estim\u00e9e\" \/>\n\t<meta name=\"twitter:data1\" content=\"1 minute\" \/>\n<script type=\"application\/ld+json\" class=\"yoast-schema-graph\">{\"@context\":\"https:\\\/\\\/schema.org\",\"@graph\":[{\"@type\":\"WebPage\",\"@id\":\"https:\\\/\\\/peterabdalla.com\\\/fr\\\/multi-residentiel\\\/inscriptions-actives\\\/\",\"url\":\"https:\\\/\\\/peterabdalla.com\\\/fr\\\/multi-residentiel\\\/inscriptions-actives\\\/\",\"name\":\"Inscriptions actives - S &amp; P Real Estate - Commercial, Multi Residence &amp; Residential\",\"isPartOf\":{\"@id\":\"https:\\\/\\\/peterabdalla.com\\\/fr\\\/#website\"},\"primaryImageOfPage\":{\"@id\":\"https:\\\/\\\/peterabdalla.com\\\/fr\\\/multi-residentiel\\\/inscriptions-actives\\\/#primaryimage\"},\"image\":{\"@id\":\"https:\\\/\\\/peterabdalla.com\\\/fr\\\/multi-residentiel\\\/inscriptions-actives\\\/#primaryimage\"},\"thumbnailUrl\":\"https:\\\/\\\/peterabdalla.com\\\/wp-content\\\/uploads\\\/2022\\\/12\\\/bg-prop-worth.jpg\",\"datePublished\":\"2023-02-24T02:43:50+00:00\",\"dateModified\":\"2024-10-22T16:51:07+00:00\",\"breadcrumb\":{\"@id\":\"https:\\\/\\\/peterabdalla.com\\\/fr\\\/multi-residentiel\\\/inscriptions-actives\\\/#breadcrumb\"},\"inLanguage\":\"fr-FR\",\"potentialAction\":[{\"@type\":\"ReadAction\",\"target\":[\"https:\\\/\\\/peterabdalla.com\\\/fr\\\/multi-residentiel\\\/inscriptions-actives\\\/\"]}]},{\"@type\":\"ImageObject\",\"inLanguage\":\"fr-FR\",\"@id\":\"https:\\\/\\\/peterabdalla.com\\\/fr\\\/multi-residentiel\\\/inscriptions-actives\\\/#primaryimage\",\"url\":\"https:\\\/\\\/peterabdalla.com\\\/wp-content\\\/uploads\\\/2022\\\/12\\\/bg-prop-worth.jpg\",\"contentUrl\":\"https:\\\/\\\/peterabdalla.com\\\/wp-content\\\/uploads\\\/2022\\\/12\\\/bg-prop-worth.jpg\",\"width\":1920,\"height\":726},{\"@type\":\"BreadcrumbList\",\"@id\":\"https:\\\/\\\/peterabdalla.com\\\/fr\\\/multi-residentiel\\\/inscriptions-actives\\\/#breadcrumb\",\"itemListElement\":[{\"@type\":\"ListItem\",\"position\":1,\"name\":\"Home\",\"item\":\"https:\\\/\\\/peterabdalla.com\\\/fr\\\/\"},{\"@type\":\"ListItem\",\"position\":2,\"name\":\"Multi-Residentiel\",\"item\":\"https:\\\/\\\/peterabdalla.com\\\/fr\\\/multi-residentiel\\\/\"},{\"@type\":\"ListItem\",\"position\":3,\"name\":\"Inscriptions actives\"}]},{\"@type\":\"WebSite\",\"@id\":\"https:\\\/\\\/peterabdalla.com\\\/fr\\\/#website\",\"url\":\"https:\\\/\\\/peterabdalla.com\\\/fr\\\/\",\"name\":\"S & P Real Estate\",\"description\":\"Commercial, Multi Residence &amp; Residential\",\"publisher\":{\"@id\":\"https:\\\/\\\/peterabdalla.com\\\/fr\\\/#organization\"},\"potentialAction\":[{\"@type\":\"SearchAction\",\"target\":{\"@type\":\"EntryPoint\",\"urlTemplate\":\"https:\\\/\\\/peterabdalla.com\\\/fr\\\/?s={search_term_string}\"},\"query-input\":{\"@type\":\"PropertyValueSpecification\",\"valueRequired\":true,\"valueName\":\"search_term_string\"}}],\"inLanguage\":\"fr-FR\"},{\"@type\":\"Organization\",\"@id\":\"https:\\\/\\\/peterabdalla.com\\\/fr\\\/#organization\",\"name\":\"S & P Real Estate\",\"url\":\"https:\\\/\\\/peterabdalla.com\\\/fr\\\/\",\"logo\":{\"@type\":\"ImageObject\",\"inLanguage\":\"fr-FR\",\"@id\":\"https:\\\/\\\/peterabdalla.com\\\/fr\\\/#\\\/schema\\\/logo\\\/image\\\/\",\"url\":\"https:\\\/\\\/peterabdalla.com\\\/wp-content\\\/uploads\\\/2023\\\/01\\\/S-and-P-logo-colour.png\",\"contentUrl\":\"https:\\\/\\\/peterabdalla.com\\\/wp-content\\\/uploads\\\/2023\\\/01\\\/S-and-P-logo-colour.png\",\"width\":8000,\"height\":1506,\"caption\":\"S & P Real Estate\"},\"image\":{\"@id\":\"https:\\\/\\\/peterabdalla.com\\\/fr\\\/#\\\/schema\\\/logo\\\/image\\\/\"}}]}<\/script>\n<!-- \/ Yoast SEO plugin. -->","yoast_head_json":{"title":"Inscriptions actives - S &amp; P Real Estate - Commercial, Multi Residence &amp; Residential","robots":{"index":"index","follow":"follow","max-snippet":"max-snippet:-1","max-image-preview":"max-image-preview:large","max-video-preview":"max-video-preview:-1"},"canonical":"https:\/\/peterabdalla.com\/fr\/multi-residentiel\/inscriptions-actives\/","og_locale":"fr_FR","og_type":"article","og_title":"Inscriptions actives - S &amp; P Real Estate - Commercial, Multi Residence &amp; Residential","og_url":"https:\/\/peterabdalla.com\/fr\/multi-residentiel\/inscriptions-actives\/","og_site_name":"S &amp; P Real Estate","article_modified_time":"2024-10-22T16:51:07+00:00","og_image":[{"width":1920,"height":726,"url":"https:\/\/peterabdalla.com\/wp-content\/uploads\/2022\/12\/bg-prop-worth.jpg","type":"image\/jpeg"}],"twitter_card":"summary_large_image","twitter_misc":{"Dur\u00e9e de lecture estim\u00e9e":"1 minute"},"schema":{"@context":"https:\/\/schema.org","@graph":[{"@type":"WebPage","@id":"https:\/\/peterabdalla.com\/fr\/multi-residentiel\/inscriptions-actives\/","url":"https:\/\/peterabdalla.com\/fr\/multi-residentiel\/inscriptions-actives\/","name":"Inscriptions actives - S &amp; P Real Estate - Commercial, Multi Residence &amp; Residential","isPartOf":{"@id":"https:\/\/peterabdalla.com\/fr\/#website"},"primaryImageOfPage":{"@id":"https:\/\/peterabdalla.com\/fr\/multi-residentiel\/inscriptions-actives\/#primaryimage"},"image":{"@id":"https:\/\/peterabdalla.com\/fr\/multi-residentiel\/inscriptions-actives\/#primaryimage"},"thumbnailUrl":"https:\/\/peterabdalla.com\/wp-content\/uploads\/2022\/12\/bg-prop-worth.jpg","datePublished":"2023-02-24T02:43:50+00:00","dateModified":"2024-10-22T16:51:07+00:00","breadcrumb":{"@id":"https:\/\/peterabdalla.com\/fr\/multi-residentiel\/inscriptions-actives\/#breadcrumb"},"inLanguage":"fr-FR","potentialAction":[{"@type":"ReadAction","target":["https:\/\/peterabdalla.com\/fr\/multi-residentiel\/inscriptions-actives\/"]}]},{"@type":"ImageObject","inLanguage":"fr-FR","@id":"https:\/\/peterabdalla.com\/fr\/multi-residentiel\/inscriptions-actives\/#primaryimage","url":"https:\/\/peterabdalla.com\/wp-content\/uploads\/2022\/12\/bg-prop-worth.jpg","contentUrl":"https:\/\/peterabdalla.com\/wp-content\/uploads\/2022\/12\/bg-prop-worth.jpg","width":1920,"height":726},{"@type":"BreadcrumbList","@id":"https:\/\/peterabdalla.com\/fr\/multi-residentiel\/inscriptions-actives\/#breadcrumb","itemListElement":[{"@type":"ListItem","position":1,"name":"Home","item":"https:\/\/peterabdalla.com\/fr\/"},{"@type":"ListItem","position":2,"name":"Multi-Residentiel","item":"https:\/\/peterabdalla.com\/fr\/multi-residentiel\/"},{"@type":"ListItem","position":3,"name":"Inscriptions actives"}]},{"@type":"WebSite","@id":"https:\/\/peterabdalla.com\/fr\/#website","url":"https:\/\/peterabdalla.com\/fr\/","name":"S & P Real Estate","description":"Commercial, Multi Residence &amp; Residential","publisher":{"@id":"https:\/\/peterabdalla.com\/fr\/#organization"},"potentialAction":[{"@type":"SearchAction","target":{"@type":"EntryPoint","urlTemplate":"https:\/\/peterabdalla.com\/fr\/?s={search_term_string}"},"query-input":{"@type":"PropertyValueSpecification","valueRequired":true,"valueName":"search_term_string"}}],"inLanguage":"fr-FR"},{"@type":"Organization","@id":"https:\/\/peterabdalla.com\/fr\/#organization","name":"S & P Real Estate","url":"https:\/\/peterabdalla.com\/fr\/","logo":{"@type":"ImageObject","inLanguage":"fr-FR","@id":"https:\/\/peterabdalla.com\/fr\/#\/schema\/logo\/image\/","url":"https:\/\/peterabdalla.com\/wp-content\/uploads\/2023\/01\/S-and-P-logo-colour.png","contentUrl":"https:\/\/peterabdalla.com\/wp-content\/uploads\/2023\/01\/S-and-P-logo-colour.png","width":8000,"height":1506,"caption":"S & P Real Estate"},"image":{"@id":"https:\/\/peterabdalla.com\/fr\/#\/schema\/logo\/image\/"}}]}},"_links":{"self":[{"href":"https:\/\/peterabdalla.com\/fr\/wp-json\/wp\/v2\/pages\/1009","targetHints":{"allow":["GET"]}}],"collection":[{"href":"https:\/\/peterabdalla.com\/fr\/wp-json\/wp\/v2\/pages"}],"about":[{"href":"https:\/\/peterabdalla.com\/fr\/wp-json\/wp\/v2\/types\/page"}],"author":[{"embeddable":true,"href":"https:\/\/peterabdalla.com\/fr\/wp-json\/wp\/v2\/users\/4"}],"replies":[{"embeddable":true,"href":"https:\/\/peterabdalla.com\/fr\/wp-json\/wp\/v2\/comments?post=1009"}],"version-history":[{"count":3,"href":"https:\/\/peterabdalla.com\/fr\/wp-json\/wp\/v2\/pages\/1009\/revisions"}],"predecessor-version":[{"id":1340,"href":"https:\/\/peterabdalla.com\/fr\/wp-json\/wp\/v2\/pages\/1009\/revisions\/1340"}],"up":[{"embeddable":true,"href":"https:\/\/peterabdalla.com\/fr\/wp-json\/wp\/v2\/pages\/1006"}],"wp:featuredmedia":[{"embeddable":true,"href":"https:\/\/peterabdalla.com\/fr\/wp-json\/wp\/v2\/media\/695"}],"wp:attachment":[{"href":"https:\/\/peterabdalla.com\/fr\/wp-json\/wp\/v2\/media?parent=1009"}],"curies":[{"name":"wp","href":"https:\/\/api.w.org\/{rel}","templated":true}]}}